			{"id":19,"date":"2016-02-02T13:48:45","date_gmt":"2016-02-02T12:48:45","guid":{"rendered":"http:\/\/www.aboco.info\/?page_id=19"},"modified":"2022-05-02T00:03:21","modified_gmt":"2022-05-01T22:03:21","slug":"impressum","status":"publish","type":"page","link":"https:\/\/www.aboco.info\/index.php\/impressum\/","title":{"rendered":"Impressum"},"content":{"rendered":"<p>ABoCo.info ist ein Angebot der ANDA Hundeschui (www.die-anda-hundeschui.de)<\/p>\n<p><span style=\"color: #00be98;\"><strong>Impressum<\/strong><\/span><\/p>\n<p><u>Angaben gem. \u00a7 5 TMG:<\/u><\/p>\n<p><span style=\"font-family: Myriad Web,Arial; font-size: small;\">ANDA Hundeschui<br \/>\nProf.-Schmid-Str. 2b<br \/>\n82140 Olching<\/span><\/p>\n<p><span style=\"font-family: Myriad Web,Arial; font-size: small;\">Telefon: +49 8142 487334<br \/>\n<\/span><span style=\"font-family: Myriad Web,Arial; font-size: small;\">Telefax: +49 8142 48733<br \/>\nE-Mail: dagmar@aboco.info<br \/>\nInternet: www.aboco.info<\/span><\/p>\n<p><span style=\"font-family: Myriad Web,Arial; font-size: small;\">Inhaltlich Verantwortlicher gem\u00e4\u00df \u00a7 10 Absatz 3 MDStV: Dagmar Lang-Vetter (Anschrift wie oben)<\/span><\/p>\n<p><span style=\"font-family: Myriad Web,Arial; font-size: small;\">Zust\u00e4ndige Aufsichtsbeh\u00f6rde gem. \u00a7 5 Abs. 1 Nr. 3 TMG: Veterin\u00e4ramt F\u00fcrstenfeldbruck, Telefon: 08141\/519285.<\/span><\/p>\n<p><span style=\"font-family: Myriad Web,Arial; font-size: small;\"><b>Wir verf\u00fcgen \u00fcber die Erlaubnis, nach \u00a7 11 Abs. 1 Nr. 8 Buchstabe f) TierschG gewerbsm\u00e4\u00dfig f\u00fcr Dritte Hunde ausbilden oder die Ausbildung der Hunde durch den Tierhalter anleiten zu d\u00fcrfen.<\/b><\/span><\/p>\n<p><span style=\"font-family: Myriad Web,Arial; font-size: small;\">Haftungshinweis: Trotz sorgf\u00e4ltiger inhaltlicher Kontrolle \u00fcbernehmen wir keine Haftung f\u00fcr die Inhalte externer Links. F\u00fcr den Inhalt der verlinkten Seiten sind ausschlie\u00dflich deren Betreiber verantwortlich.<\/span><\/p>\n","protected":false},"excerpt":{"rendered":"<p>ABoCo.info ist ein Angebot der ANDA Hundeschui (www.die-anda-hundeschui.de) Impressum Angaben gem. \u00a7 5 TMG: ANDA Hundeschui Prof.-Schmid-Str. 2b 82140 Olching<\/p>\n","protected":false},"author":1,"featured_media":0,"parent":0,"menu_order":0,"comment_status":"closed","ping_status":"closed","template":"","meta":{"slim_seo":{"title":"Impressum - ABoCo.info:","description":"ABoCo.info ist ein Angebot der ANDA Hundeschui (www.die-anda-hundeschui.de) Impressum Angaben gem. \u00a7 5 TMG: ANDA Hundeschui Prof.-Schmid-Str. 2b 82140 Olching T"},"footnotes":""},"class_list":["post-19","page","type-page","status-publish","hentry"],"_links":{"self":[{"href":"https:\/\/www.aboco.info\/index.php\/wp-json\/wp\/v2\/pages\/19","targetHints":{"allow":["GET"]}}],"collection":[{"href":"https:\/\/www.aboco.info\/index.php\/wp-json\/wp\/v2\/pages"}],"about":[{"href":"https:\/\/www.aboco.info\/index.php\/wp-json\/wp\/v2\/types\/page"}],"author":[{"embeddable":true,"href":"https:\/\/www.aboco.info\/index.php\/wp-json\/wp\/v2\/users\/1"}],"replies":[{"embeddable":true,"href":"https:\/\/www.aboco.info\/index.php\/wp-json\/wp\/v2\/comments?post=19"}],"version-history":[{"count":7,"href":"https:\/\/www.aboco.info\/index.php\/wp-json\/wp\/v2\/pages\/19\/revisions"}],"predecessor-version":[{"id":121,"href":"https:\/\/www.aboco.info\/index.php\/wp-json\/wp\/v2\/pages\/19\/revisions\/121"}],"wp:attachment":[{"href":"https:\/\/www.aboco.info\/index.php\/wp-json\/wp\/v2\/media?parent=19"}],"curies":[{"name":"wp","href":"https:\/\/api.w.org\/{rel}","templated":true}]}}